{"id":25690,"date":"2023-11-28T22:50:59","date_gmt":"2023-11-28T19:50:59","guid":{"rendered":"https:\/\/lorenalupu.com\/blog\/?page_id=25690"},"modified":"2023-11-29T19:43:22","modified_gmt":"2023-11-29T16:43:22","slug":"lucreaza-cu-lorena-lupu","status":"publish","type":"page","link":"https:\/\/lorenalupu.com\/blog\/lucreaza-cu-lorena-lupu\/","title":{"rendered":"LUCREAZ\u0102 CU LORENA LUPU"},"content":{"rendered":"\n<p class=\"has-medium-font-size\">Creez content de aproape 20 de ani. Am scris pentru reviste importante, cum ar fi Tabu, Vice, Feneia, Maxim sau Playboy. Am f\u0103cut interviuri, reportaje, investiga\u021bie. <\/p>\n\n\n\n<p class=\"has-medium-font-size\">\u00cemi \u0219tii blogul de 15 ani. Pot \u021bine \u0219i blogul t\u0103u de business, \u00eentr-un mod care s\u0103 atrag\u0103 \u0219i s\u0103 fidelizeze clientela. <\/p>\n\n\n\n<p><\/p>\n\n\n<div class=\"wp-block-image\">\n<figure class=\"aligncenter size-full is-resized\"><img data-recalc-dims=\"1\" loading=\"lazy\" decoding=\"async\" width=\"512\" height=\"512\" src=\"https:\/\/i0.wp.com\/lorenalupu.com\/blog\/wp-content\/uploads\/2018\/01\/cropped-icon.png?resize=512%2C512&#038;ssl=1\" alt=\"\" class=\"wp-image-13996\" style=\"width:271px;height:auto\" srcset=\"https:\/\/i0.wp.com\/lorenalupu.com\/blog\/wp-content\/uploads\/2018\/01\/cropped-icon.png?w=512&amp;ssl=1 512w, https:\/\/i0.wp.com\/lorenalupu.com\/blog\/wp-content\/uploads\/2018\/01\/cropped-icon.png?resize=150%2C150&amp;ssl=1 150w, https:\/\/i0.wp.com\/lorenalupu.com\/blog\/wp-content\/uploads\/2018\/01\/cropped-icon.png?resize=300%2C300&amp;ssl=1 300w, https:\/\/i0.wp.com\/lorenalupu.com\/blog\/wp-content\/uploads\/2018\/01\/cropped-icon.png?resize=180%2C180&amp;ssl=1 180w, https:\/\/i0.wp.com\/lorenalupu.com\/blog\/wp-content\/uploads\/2018\/01\/cropped-icon.png?resize=184%2C184&amp;ssl=1 184w, https:\/\/i0.wp.com\/lorenalupu.com\/blog\/wp-content\/uploads\/2018\/01\/cropped-icon.png?resize=600%2C600&amp;ssl=1 600w, https:\/\/i0.wp.com\/lorenalupu.com\/blog\/wp-content\/uploads\/2018\/01\/cropped-icon.png?resize=160%2C160&amp;ssl=1 160w, https:\/\/i0.wp.com\/lorenalupu.com\/blog\/wp-content\/uploads\/2018\/01\/cropped-icon.png?resize=320%2C320&amp;ssl=1 320w\" sizes=\"auto, (max-width: 512px) 100vw, 512px\" \/><\/figure>\n<\/div>\n\n\n<p><\/p>\n\n\n\n<p class=\"has-black-color has-text-color has-link-color has-large-font-size wp-elements-34f93a756edb33ce118ddf5dda33b95f\"><strong>Content writing <\/strong><\/p>\n\n\n\n<p class=\"has-medium-font-size\"><strong>-Articol comercial pentru blogul t\u0103u de business: 250 de lei <\/strong><\/p>\n\n\n\n<p class=\"has-medium-font-size\"><strong>-Articol tehnic, care presupune documentare extins\u0103 pentru blogul t\u0103u de business: 300 de lei <\/strong><\/p>\n\n\n\n<p class=\"has-medium-font-size\"><strong>-Articol domeniu adult pentru blogul t\u0103u de business: 400 lei<\/strong><\/p>\n\n\n\n<p class=\"has-medium-font-size\"><strong>-Articol \u00een limba englez\u0103 pentru blogul t\u0103u de business: 400 de lei. <\/strong><\/p>\n\n\n\n<p class=\"has-medium-font-size\"><strong>-Mail comercial \/ Newsletter: 100 de lei <\/strong><\/p>\n\n\n\n<p class=\"has-medium-font-size\"><strong>-Comunicat de pres\u0103: 300 de lei <\/strong><\/p>\n\n\n\n<p>-Aceste pre\u021buri sunt negociabile \u00een cazul unui contract de colaborare care presupune un minimum de 8 materiale pe lun\u0103.<\/p>\n\n\n\n<p class=\"has-medium-font-size\"><strong>-Creare content website nou: 1.000 &#8211; 3.000 de lei (\u00een func\u021bie de complexitate) <\/strong><\/p>\n\n\n\n<p class=\"has-large-font-size\"><strong>Social media de business <\/strong><\/p>\n\n\n\n<p class=\"has-medium-font-size\"><strong>Plan media 5 post\u0103ri pe s\u0103pt\u0103m\u00e2n\u0103, cu \u0219edin\u021b\u0103 s\u0103pt\u0103m\u00e2nal\u0103 \u00een persoan\u0103 sau online: 2.000 de lei pe lun\u0103. <\/strong><\/p>\n\n\n\n<p class=\"has-medium-font-size\"><strong>Plan media 10 post\u0103ri pe s\u0103pt\u0103m\u00e2n\u0103, cu \u0219edin\u021b\u0103 s\u0103pt\u0103m\u00e2nal\u0103 \u0219i deplasare la sediu pentru a crea \/ superviza content vizual &#8211; 4.000 de lei pe lun\u0103 <\/strong><\/p>\n\n\n\n<p class=\"has-medium-font-size\"><strong>Dac\u0103 dore\u0219ti \u0219i op\u021biunea s\u0103 apar eu \u00een respectivele imagini, &#8211; negociere separat\u0103 <\/strong><\/p>\n\n\n\n<p class=\"has-large-font-size\"><strong>Advertorial Lorenalupu.com <\/strong><\/p>\n\n\n\n<p class=\"has-medium-font-size\"><strong>-1500 &#8211; 2500 de lei, \u00een func\u021bie de domeniu, urgen\u021b\u0103 \u0219i complexitate. Advertorialul va sta o s\u0103pt\u0103m\u00e2n\u0103 pe homepage, va include linkuri dofollow \u0219i va r\u0103m\u00e2ne pentru totdeauna pe blog, pentru ca tu s\u0103 te folose\u0219ti de el de c\u00e2te ori ai nevoie. <\/strong>Cu link \u0219i story pe Facebook \u0219i Instagram, link pe Linkedin \u0219i men\u021biune pe TikTok. <\/p>\n\n\n\n<p class=\"has-large-font-size\"><strong>Ce prime\u0219ti dac\u0103 lucrezi cu mine <\/strong><\/p>\n\n\n\n<p> \u2b50    &#8211;<strong>Content de calitate. <\/strong>Po\u021bi citi acest blog, s\u0103 vezi c\u0103 am condeiul la mine, chiar \u0219i atunci c\u00e2nd folosesc o tastatur\u0103. <\/p>\n\n\n\n<p>\u2b50    &#8211;<strong>O discu\u021bie de o or\u0103<\/strong>, \u00een care definim \u00eempreun\u0103 care e viziunea \u0219i strategia original\u0103 a businessului t\u0103u \u0219i cu ce se deosebe\u0219te de restul pie\u021bei, pentru ca materialele pe care le voi crea s\u0103 respecte aceast\u0103 viziune. Desigur, aceast\u0103 discu\u021bie va avea loc DUP\u0102 CE semn\u0103m contractul, pentru c\u0103 \u00eencrederea se formeaz\u0103 \u00een timp, dup\u0103 ce dovedim am\u00e2ndoi c\u0103 respect\u0103m acelea\u0219i valori: bun\u0103 credin\u021b\u0103, onestitate \u0219i transparen\u021b\u0103. <\/p>\n\n\n\n<p>\u2b50   &#8211;<strong>TU<\/strong> decizi dimensiunea articolului, eu doar \u00ee\u021bi ofer tips &amp; tricks din experien\u021ba mea, dar decizia de a le implementa sau nu este la tine. \u0218i NU fac manevre, cum ar fi sume suplimentare pentru articole mai lungi. <\/p>\n\n\n\n<p>\u2b50    -M\u0103 voi documenta mereu, pentru acurate\u021be. <strong>Dar rezultatul final va fi mereu original. <\/strong><\/p>\n\n\n\n<p>\u2b50    -Voi respecta mereu cu stricte\u021be <strong>deadline-ul<\/strong> stabilit de comun acord. <\/p>\n\n\n\n<p>***<\/p>\n\n\n\n<p><strong>\u00cen m\u0103sura \u00een care m\u0103 consideri persoana potrivit\u0103 pentru business-ul t\u0103u, contacteaz\u0103-m\u0103 la birou@lorenalupu.com. <\/strong><\/p>\n","protected":false},"excerpt":{"rendered":"<p>Creez content de aproape 20 de ani. Am scris pentru reviste importante, cum ar fi Tabu, Vice, Feneia, Maxim sau Playboy. Am f\u0103cut interviuri,&#46;&#46;&#46;<\/p>\n","protected":false},"author":2,"featured_media":18800,"parent":0,"menu_order":0,"comment_status":"closed","ping_status":"closed","template":"","meta":{"jetpack_post_was_ever_published":false,"footnotes":""},"class_list":["post-25690","page","type-page","status-publish","has-post-thumbnail","hentry"],"jetpack_sharing_enabled":true,"jetpack_likes_enabled":true,"_links":{"self":[{"href":"https:\/\/lorenalupu.com\/blog\/wp-json\/wp\/v2\/pages\/25690","targetHints":{"allow":["GET"]}}],"collection":[{"href":"https:\/\/lorenalupu.com\/blog\/wp-json\/wp\/v2\/pages"}],"about":[{"href":"https:\/\/lorenalupu.com\/blog\/wp-json\/wp\/v2\/types\/page"}],"author":[{"embeddable":true,"href":"https:\/\/lorenalupu.com\/blog\/wp-json\/wp\/v2\/users\/2"}],"replies":[{"embeddable":true,"href":"https:\/\/lorenalupu.com\/blog\/wp-json\/wp\/v2\/comments?post=25690"}],"version-history":[{"count":9,"href":"https:\/\/lorenalupu.com\/blog\/wp-json\/wp\/v2\/pages\/25690\/revisions"}],"predecessor-version":[{"id":25704,"href":"https:\/\/lorenalupu.com\/blog\/wp-json\/wp\/v2\/pages\/25690\/revisions\/25704"}],"wp:featuredmedia":[{"embeddable":true,"href":"https:\/\/lorenalupu.com\/blog\/wp-json\/wp\/v2\/media\/18800"}],"wp:attachment":[{"href":"https:\/\/lorenalupu.com\/blog\/wp-json\/wp\/v2\/media?parent=25690"}],"curies":[{"name":"wp","href":"https:\/\/api.w.org\/{rel}","templated":true}]}}